{"id":149,"date":"2015-01-09T21:21:42","date_gmt":"2015-01-09T21:21:42","guid":{"rendered":"http:\/\/dziennikgorski.type.pl\/?page_id=149"},"modified":"2024-06-23T15:20:44","modified_gmt":"2024-06-23T14:20:44","slug":"linki","status":"publish","type":"page","link":"https:\/\/dziennikgorski.type.pl\/?page_id=149","title":{"rendered":"Linki"},"content":{"rendered":"<h2>Polecane<\/h2>\n<p><a title=\"Kliknij...\" href=\"http:\/\/www.skpg.gliwice.pl\/\" target=\"_blank\" rel=\"noopener noreferrer\"><strong>SKPG &#8222;Harnasie&#8221;<\/strong><\/a> \u2013 nasze macierzyste ko\u0142o przewodnickie<br \/>\n<a title=\"Kliknij...\" href=\"http:\/\/www.speleobielsko.pl\/\" target=\"_blank\" rel=\"noopener noreferrer\"><strong>Speleoklub Bielsko-Bia\u0142a<\/strong><\/a> \u2013 nasz klub speleo<br \/>\n<a title=\"Kliknij...\" href=\"http:\/\/adamy.ou.pttk.pl\/\" target=\"_blank\" rel=\"noopener noreferrer\"><strong>Chatka Adamy<\/strong><\/a> w Lachowicach \u2013 nasza ulubiona chatka<br \/>\n<a title=\"Kliknij...\" href=\"http:\/\/mkta-rys.ou.pttk.pl\/\" target=\"_blank\" rel=\"noopener noreferrer\"><strong>&#8222;Rysie&#8221;<\/strong><\/a> \u2013 M\u0142odzie\u017cowy Klub Turystyki Aktywnej<br \/>\n<a title=\"Kliknij...\" href=\"http:\/\/kt-livetheadventure.blogspot.com\/2013\/10\/beskid-trail-challenge.html\" target=\"_blank\" rel=\"noopener noreferrer\"><strong>Beskid Trail Challenge<\/strong><\/a> \u2013 podbiegowy projekt Krzy\u015bka T.<br \/>\n<a title=\"Kliknij...\" href=\"https:\/\/jaskinie.bialy-orzel.com.pl\/Zar.htm\" target=\"_blank\" rel=\"noopener noreferrer\"><strong>Puchar 12 Wzniesie\u0144<\/strong><\/a> \u2013 koordynuje Jerzy G.<br \/>\n<a href=\"https:\/\/kktj.pl\" target=\"_blank\" rel=\"noopener noreferrer\"><strong>Krakowski Klub Taternictwa Jaskiniowego<\/strong><\/a> \u2013\u00a0 zaprzyja\u017aniony klub speleo<br \/>\n<a href=\"https:\/\/www.paskudofonia.pl\" target=\"_blank\" rel=\"noopener noreferrer\"><strong>PaskudoFonia<\/strong><\/a> \u2013 Dobre Piosenki na Paskudn\u0105 Pogod\u0119<br \/>\n<a href=\"https:\/\/podhalanka.pl\" target=\"_blank\" rel=\"noopener noreferrer\"><strong>Podhalanka.pl<\/strong><\/a> \u2013 fachowa karpacka ksi\u0119garnia, na dodatek z <a href=\"https:\/\/podhalanka.pl\/pl\/n\/list\" target=\"_blank\" rel=\"noopener noreferrer\"><strong>blogiem<\/strong><\/a><br \/>\n<a href=\"http:\/\/gorskidomkultury.eu\" target=\"_blank\" rel=\"noopener noreferrer\"><strong>G\u00f3rski Dom Kultury<\/strong><\/a> \u2013 &#8222;g\u00f3ry w kulturze, kultura w g\u00f3rach&#8221; \u2013 pani Beata potrafi by\u0107 subiektywna, czepialska czy wr\u0119cz zgry\u017aliwa, lecz ma odwag\u0119 nazywa\u0107 rzeczy po imieniu, a jej g\u0142os o\u017cywia intelektualnie krajowy g\u00f3rski grajdo\u0142ek i stanowi cenn\u0105 odtrutk\u0119 na r\u00f3\u017cne przejawy &#8222;pisarkowania&#8221;; kiedy wsp\u00f3\u0142pracowali\u015bmy z ni\u0105, da\u0142a si\u0119 pozna\u0107 jako fachowiec<br \/>\n<a title=\"Kliknij...\" href=\"http:\/\/gory-lektury.blogspot.com\/\" target=\"_blank\" rel=\"noopener noreferrer\"><strong>G\u00f3ry lektury&#8230;<\/strong><\/a> \u2013 blog po\u015bwi\u0119cony ksi\u0105\u017cce g\u00f3rskiej<br \/>\n<a title=\"Kliknij...\" href=\"http:\/\/www.mamyserce.org.pl\" target=\"_blank\" rel=\"noopener noreferrer\"><strong>&#8222;Mamy Serce&#8221;<\/strong><\/a> \u2013 kliknij i pom\u00f3\u017c<\/p>\n<h2>Speleo<\/h2>\n<p>Kwartalnik <a title=\"Kliknij...\" href=\"http:\/\/jaskiniekwartalnik.blogspot.com\/\" target=\"_blank\" rel=\"noopener noreferrer\"><strong>&#8222;Jaskinie&#8221;<\/strong><\/a><br \/>\n<a title=\"Kliknij...\" href=\"http:\/\/www.caverbob.com\/wlong.htm\" target=\"_blank\" rel=\"noopener noreferrer\"><strong>Najd\u0142u\u017csze<\/strong><\/a> i <a title=\"Kliknij...\" href=\"http:\/\/www.caverbob.com\/wdeep.htm\" target=\"_blank\" rel=\"noopener noreferrer\"><strong>najg\u0142\u0119bsze<\/strong><\/a> jaskinie \u015bwiata<br \/>\n<a title=\"Kliknij...\" href=\"http:\/\/speleofoto.pl\" target=\"_blank\" rel=\"noopener noreferrer\"><strong>Jan Ku\u0107mierz<\/strong><\/a> &#8211; galeria zdj\u0119\u0107<br \/>\n<a title=\"Kliknij...\" href=\"http:\/\/plfoto.com\/41509\/autor.html\" target=\"_blank\" rel=\"noopener noreferrer\"><strong>Artur \u017b.<\/strong><\/a> \u2013 galeria zdj\u0119\u0107<br \/>\n<a href=\"http:\/\/www.seppenhofer.it\" target=\"_blank\" rel=\"noopener noreferrer\"><strong>&#8222;C. Seppenhofer&#8221;<\/strong><\/a> \u2013 O\u015brodek Bada\u0144 nad Krasem<br \/>\n<a title=\"Kliknij...\" href=\"http:\/\/www.kaniony.pl\/\" target=\"_blank\" rel=\"noopener noreferrer\"><strong>Kaniony.pl<\/strong><\/a> &#8211; obrze\u017ca speleo, czyli strona Micha\u0142a<\/p>\n<h2>Rozmaito\u015bci g\u00f3rskie<\/h2>\n<p><a title=\"Kliknij...\" href=\"http:\/\/karpaccy.pl\/\" target=\"_blank\" rel=\"noopener noreferrer\"><strong>Towarzystwo Karpackie<\/strong><\/a><br \/>\n<a title=\"Kliknij...\" href=\"http:\/\/jaskiniar.blogspot.com\/\" target=\"_blank\" rel=\"noopener noreferrer\"><strong>Subiektywne opowie\u015bci, subiektywne spojrzenia<\/strong><\/a> \u2013 blog Grzegorza Barczyka<br \/>\n<a title=\"Kliknij...\" href=\"http:\/\/www.alpenverein.at\/\" target=\"_blank\" rel=\"noopener noreferrer\"><strong>\u00d6sterreichischer Alpenverein<\/strong><\/a><br \/>\n<a title=\"Kliknij...\" href=\"http:\/\/www.nyka.home.pl\/\" target=\"_blank\" rel=\"noopener noreferrer\"><strong>G\u00f3rska p\u00f3\u0142ka<\/strong><\/a> J\u00f3zefa Nyki i Moniki Nyczanki \u2013 z wydawanym do 2016 roku <em>G\u0142osem Seniora<\/em><br \/>\n<a title=\"Kliknij...\" href=\"http:\/\/pracownia.org.pl\/dzikie-zycie\" target=\"_blank\" rel=\"noopener noreferrer\"><strong>Dzikie \u017cycie<\/strong><\/a> \u2013 pismo Pracowni na Rzecz Wszystkich Istot<\/p>\n<h2>Z zupe\u0142nie innej beczki<\/h2>\n<p><a title=\"Kliknij...\" href=\"http:\/\/www.latarnica.pl\/\" target=\"_blank\" rel=\"noopener noreferrer\"><strong>Latarnica<\/strong><\/a> \u2013 &#8222;latarnie morskie, koty, s\u0142owo drukowane i co\u015b wi\u0119cej\u2026&#8221;<br \/>\n<a href=\"http:\/\/nazielonym.pl\" target=\"_blank\" rel=\"noopener noreferrer\"><strong>Na Zielonym<\/strong><\/a> \u2013 nuta ekologicznego szale\u0144stwa<\/p>\n","protected":false},"excerpt":{"rendered":"<p>Polecane SKPG &#8222;Harnasie&#8221; \u2013 nasze macierzyste ko\u0142o przewodnickie Speleoklub Bielsko-Bia\u0142a \u2013 nasz klub speleo Chatka Adamy w Lachowicach \u2013 nasza ulubiona chatka &#8222;Rysie&#8221; \u2013 M\u0142odzie\u017cowy Klub Turystyki Aktywnej Beskid Trail Challenge \u2013 podbiegowy projekt Krzy\u015bka T. Puchar 12 Wzniesie\u0144 \u2013 koordynuje Jerzy G. Krakowski Klub Taternictwa Jaskiniowego \u2013\u00a0 zaprzyja\u017aniony klub speleo PaskudoFonia \u2013 Dobre Piosenki [&hellip;]<\/p>\n","protected":false},"author":1,"featured_media":0,"parent":0,"menu_order":0,"comment_status":"closed","ping_status":"closed","template":"","meta":{"footnotes":""},"class_list":["post-149","page","type-page","status-publish","hentry"],"_links":{"self":[{"href":"https:\/\/dziennikgorski.type.pl\/index.php?rest_route=\/wp\/v2\/pages\/149","targetHints":{"allow":["GET"]}}],"collection":[{"href":"https:\/\/dziennikgorski.type.pl\/index.php?rest_route=\/wp\/v2\/pages"}],"about":[{"href":"https:\/\/dziennikgorski.type.pl\/index.php?rest_route=\/wp\/v2\/types\/page"}],"author":[{"embeddable":true,"href":"https:\/\/dziennikgorski.type.pl\/index.php?rest_route=\/wp\/v2\/users\/1"}],"replies":[{"embeddable":true,"href":"https:\/\/dziennikgorski.type.pl\/index.php?rest_route=%2Fwp%2Fv2%2Fcomments&post=149"}],"version-history":[{"count":26,"href":"https:\/\/dziennikgorski.type.pl\/index.php?rest_route=\/wp\/v2\/pages\/149\/revisions"}],"predecessor-version":[{"id":4857,"href":"https:\/\/dziennikgorski.type.pl\/index.php?rest_route=\/wp\/v2\/pages\/149\/revisions\/4857"}],"wp:attachment":[{"href":"https:\/\/dziennikgorski.type.pl\/index.php?rest_route=%2Fwp%2Fv2%2Fmedia&parent=149"}],"curies":[{"name":"wp","href":"https:\/\/api.w.org\/{rel}","templated":true}]}}