{"id":142,"date":"2015-01-09T21:03:59","date_gmt":"2015-01-09T21:03:59","guid":{"rendered":"http:\/\/dziennikgorski.type.pl\/?page_id=142"},"modified":"2024-06-10T17:42:27","modified_gmt":"2024-06-10T16:42:27","slug":"archiwum","status":"publish","type":"page","link":"http:\/\/dziennikgorski.type.pl\/?page_id=142","title":{"rendered":"Archiwum"},"content":{"rendered":"<p>Wcze\u015bniej publikowali\u015bmy m.in. w nast\u0119puj\u0105cych miejscach:<\/p>\n<p>Jeszcze kilka naszych zdj\u0119\u0107: <a href=\"https:\/\/www.flickr.com\/photos\/galeria_ines\/\" target=\"_blank\" rel=\"noopener\"><strong>Link 1<\/strong><\/a> &amp; <a title=\"Kliknij...\" href=\"https:\/\/www.flickr.com\/photos\/ermes_ines\/\" target=\"_blank\" rel=\"noopener noreferrer\"><strong>Link 2<\/strong><\/a><br \/>\n<a title=\"Kliknij...\" href=\"https:\/\/photos.app.goo.gl\/nVkt7rZ5ZwkU4kwR6\" target=\"_blank\" rel=\"noopener noreferrer\"><strong>Fotorelacje z lat 2006-2012<\/strong><\/a> \u2013 indeks<br \/>\n<a title=\"Kliknij...\" href=\"http:\/\/vimeo.com\/user5655626\" target=\"_blank\" rel=\"noopener noreferrer\"><strong>Filmoteka<\/strong><\/a><br \/>\n<a title=\"Kliknij...\" href=\"https:\/\/drobiazgiines.wordpress.com\/\" target=\"_blank\" rel=\"noopener noreferrer\"><strong>Drobiazgi Ines<\/strong><\/a> \u2013 strona zewn\u0119trzna<br \/>\n<a title=\"Kliknij...\" href=\"https:\/\/sekcjamlodziezowa.wordpress.com\/\" target=\"_blank\" rel=\"noopener noreferrer\"><strong>Sekcja M\u0142odzie\u017cowa<\/strong><\/a> \u2013 strona zewn\u0119trzna<\/p>\n","protected":false},"excerpt":{"rendered":"<p>Wcze\u015bniej publikowali\u015bmy m.in. w nast\u0119puj\u0105cych miejscach: Jeszcze kilka naszych zdj\u0119\u0107: Link 1 &amp; Link 2 Fotorelacje z lat 2006-2012 \u2013 indeks Filmoteka Drobiazgi Ines \u2013 strona zewn\u0119trzna Sekcja M\u0142odzie\u017cowa \u2013 strona zewn\u0119trzna<\/p>\n","protected":false},"author":1,"featured_media":0,"parent":0,"menu_order":0,"comment_status":"closed","ping_status":"closed","template":"","meta":{"footnotes":""},"_links":{"self":[{"href":"http:\/\/dziennikgorski.type.pl\/index.php?rest_route=\/wp\/v2\/pages\/142"}],"collection":[{"href":"http:\/\/dziennikgorski.type.pl\/index.php?rest_route=\/wp\/v2\/pages"}],"about":[{"href":"http:\/\/dziennikgorski.type.pl\/index.php?rest_route=\/wp\/v2\/types\/page"}],"author":[{"embeddable":true,"href":"http:\/\/dziennikgorski.type.pl\/index.php?rest_route=\/wp\/v2\/users\/1"}],"replies":[{"embeddable":true,"href":"http:\/\/dziennikgorski.type.pl\/index.php?rest_route=%2Fwp%2Fv2%2Fcomments&post=142"}],"version-history":[{"count":9,"href":"http:\/\/dziennikgorski.type.pl\/index.php?rest_route=\/wp\/v2\/pages\/142\/revisions"}],"predecessor-version":[{"id":4854,"href":"http:\/\/dziennikgorski.type.pl\/index.php?rest_route=\/wp\/v2\/pages\/142\/revisions\/4854"}],"wp:attachment":[{"href":"http:\/\/dziennikgorski.type.pl\/index.php?rest_route=%2Fwp%2Fv2%2Fmedia&parent=142"}],"curies":[{"name":"wp","href":"https:\/\/api.w.org\/{rel}","templated":true}]}}